{"id":113,"date":"2026-03-31T19:14:02","date_gmt":"2026-03-31T17:14:02","guid":{"rendered":"https:\/\/www.alyta.fr\/?page_id=113"},"modified":"2026-05-14T22:35:02","modified_gmt":"2026-05-14T20:35:02","slug":"informations","status":"publish","type":"page","link":"https:\/\/www.alyta.fr\/?page_id=113","title":{"rendered":"A propos de nous"},"content":{"rendered":"\t\t<div data-elementor-type=\"wp-page\" data-elementor-id=\"113\" class=\"elementor elementor-113\" data-elementor-settings=\"{&quot;ha_cmc_init_switcher&quot;:&quot;no&quot;}\" data-elementor-post-type=\"page\">\n\t\t\t\t<div class=\"elementor-element elementor-element-f51272a e-flex e-con-boxed jltma-glass-effect-no wpr-particle-no wpr-jarallax-no wpr-parallax-no wpr-sticky-section-no wpr-column-slider-no wpr-equal-height-no elementor-invisible e-con e-parent\" data-id=\"f51272a\" data-element_type=\"container\" data-e-type=\"container\" data-settings=\"{&quot;animation&quot;:&quot;swing&quot;,&quot;_ha_eqh_enable&quot;:false}\">\n\t\t\t\t\t<div class=\"e-con-inner\">\n\t\t<div class=\"elementor-element elementor-element-29d2542 e-con-full e-flex jltma-glass-effect-no wpr-particle-no wpr-jarallax-no wpr-parallax-no wpr-sticky-section-no wpr-column-slider-no wpr-equal-height-no e-con e-child\" data-id=\"29d2542\" data-element_type=\"container\" data-e-type=\"container\" data-settings=\"{&quot;background_background&quot;:&quot;classic&quot;,&quot;_ha_eqh_enable&quot;:false}\">\n\t\t\t\t<div class=\"elementor-element elementor-element-ff00a56 jltma-glass-effect-no exad-sticky-section-no exad-glass-effect-no elementor-widget elementor-widget-text-editor\" data-id=\"ff00a56\" data-element_type=\"widget\" data-e-type=\"widget\" data-widget_type=\"text-editor.default\">\n\t\t\t\t\t\t\t\t\t<p>Je pratique l\u2019\u00e9quitation depuis mon enfance. Fascin\u00e9e par les chevaux pour leur force et leur sensibilit\u00e9, ils m\u2019ont appris \u00e0 profiter de l\u2019instant pr\u00e9sent et \u00e0 laisser de c\u00f4t\u00e9 les probl\u00e8mes du quotidien \u00e0 la porte des \u00e9curies. Au de-l\u00e0 de les monter, apprendre \u00e0 conna\u00eetre les chevaux est passionnant pour moi.<\/p><p>Professionnellement parlant, je me suis dirig\u00e9e dans l\u2019a\u00e9rien apr\u00e8s avoir valid\u00e9 une licence d\u2019anglais. J\u2019ai ensuite travaill\u00e9 en tant que cariste pendant plusieurs ann\u00e9es avant de devenir m\u00e8re. De fait, j&rsquo;ai d\u00fb r\u00e9inventer ma vie professionnelle pour qu\u2019elle puisse se conjuguer avec ma vie familiale et tout en faisant de ma passion mon m\u00e9tier.<\/p><p>Quand j\u2019ai entendu parler du m\u00e9tier de horse-sitter, l\u2019id\u00e9e de me lancer \u00e0 mon compte est apparue comme une \u00e9vidence. J\u2019ai toujours aim\u00e9 apporter mon aide aux autres, et je me suis toujours sentie \u00e0 ma place aupr\u00e8s des chevaux, m\u00eame quand il s\u2019agit uniquement de les nourrir et de les soigner.<\/p><p>Je propose donc mes services aux particuliers ayant leur cheval \u00e0 la maison. Je veux les relayer et leur permettre de se lib\u00e9rer du temps et de la charge mentale durant leurs absences d\u2019autant plus qu\u2019il est difficile d\u2019emmener son cheval en vacances avec soit.<\/p><p>J&rsquo;ai \u00e9galement \u00e9largi mon offre de service aux propri\u00e9taires d\u2019autres animaux de compagnie (chats, chiens, N.A.C., etc.) car eux aussi peuvent rencontrer les m\u00eames probl\u00e9matiques que les propri\u00e9taires d\u2019\u00e9quid\u00e9s.<\/p>\t\t\t\t\t\t\t\t<\/div>\n\t\t\t\t<\/div>\n\t\t\t\t\t<\/div>\n\t\t\t\t<\/div>\n\t\t<div class=\"elementor-element elementor-element-6909a0c e-flex e-con-boxed jltma-glass-effect-no wpr-particle-no wpr-jarallax-no wpr-parallax-no wpr-sticky-section-no wpr-column-slider-no wpr-equal-height-no e-con e-parent\" data-id=\"6909a0c\" data-element_type=\"container\" data-e-type=\"container\" data-settings=\"{&quot;_ha_eqh_enable&quot;:false}\">\n\t\t\t\t\t<div class=\"e-con-inner\">\n\t\t\t\t<div class=\"elementor-element elementor-element-b7afcde elementor-cta--skin-classic elementor-animated-content elementor-bg-transform elementor-bg-transform-zoom-in jltma-glass-effect-no exad-sticky-section-no exad-glass-effect-no elementor-widget elementor-widget-call-to-action\" data-id=\"b7afcde\" data-element_type=\"widget\" data-e-type=\"widget\" data-widget_type=\"call-to-action.default\">\n\t\t\t\t\t\t\t<div class=\"elementor-cta\">\n\t\t\t\t\t\t\t<div class=\"elementor-cta__content\">\n\t\t\t\t\n\t\t\t\t\t\t\t\t\t<h2 class=\"elementor-cta__title elementor-cta__content-item elementor-content-item\">\n\t\t\t\t\t\tVous voulez en savoir plus ?\t\t\t\t\t<\/h2>\n\t\t\t\t\n\t\t\t\t\t\t\t\t\t<div class=\"elementor-cta__description elementor-cta__content-item elementor-content-item\">\n\t\t\t\t\t\tVous manquer d'informations pour vous d\u00e9cider ?\t\t\t\t\t<\/div>\n\t\t\t\t\n\t\t\t\t\t\t\t\t\t<div class=\"elementor-cta__button-wrapper elementor-cta__content-item elementor-content-item \">\n\t\t\t\t\t<a class=\"elementor-cta__button elementor-button elementor-size-\" href=\"https:\/\/www.alyta.fr\/?page_id=120\">\n\t\t\t\t\t\tCliquer ici\t\t\t\t\t<\/a>\n\t\t\t\t\t<\/div>\n\t\t\t\t\t\t\t<\/div>\n\t\t\t\t\t\t<\/div>\n\t\t\t\t\t\t<\/div>\n\t\t\t\t\t<\/div>\n\t\t\t\t<\/div>\n\t\t\t\t<\/div>\n\t\t","protected":false},"excerpt":{"rendered":"<p>Je pratique l\u2019\u00e9quitation depuis mon enfance. Fascin\u00e9e par les chevaux pour leur force et leur sensibilit\u00e9, ils m\u2019ont appris \u00e0 profiter de l\u2019instant pr\u00e9sent et \u00e0 laisser de c\u00f4t\u00e9 les probl\u00e8mes du quotidien \u00e0 la porte des \u00e9curies. Au de-l\u00e0 de les monter, apprendre \u00e0 conna\u00eetre les chevaux est passionnant pour moi. Professionnellement parlant, je me suis dirig\u00e9e dans l\u2019a\u00e9rien apr\u00e8s avoir valid\u00e9 une licence d\u2019anglais. J\u2019ai ensuite travaill\u00e9 en tant que cariste pendant plusieurs ann\u00e9es avant de devenir m\u00e8re. De fait, j&rsquo;ai d\u00fb r\u00e9inventer ma vie professionnelle pour qu\u2019elle puisse se conjuguer avec ma vie familiale et tout en faisant de ma passion mon m\u00e9tier. Quand j\u2019ai entendu parler du m\u00e9tier de horse-sitter, l\u2019id\u00e9e de me lancer \u00e0 mon compte est apparue comme une \u00e9vidence. J\u2019ai toujours aim\u00e9 apporter mon aide aux autres, et je me suis toujours sentie \u00e0 ma place aupr\u00e8s des chevaux, m\u00eame quand il s\u2019agit uniquement de les nourrir et de les soigner. Je propose donc mes services aux particuliers ayant leur cheval \u00e0 la maison. Je veux les relayer et leur permettre de se lib\u00e9rer du temps et de la charge mentale durant leurs absences d\u2019autant plus qu\u2019il est difficile d\u2019emmener son cheval en vacances avec soit. J&rsquo;ai \u00e9galement \u00e9largi mon offre de service aux propri\u00e9taires d\u2019autres animaux de compagnie (chats, chiens, N.A.C., etc.) car eux aussi peuvent rencontrer les m\u00eames probl\u00e9matiques que les propri\u00e9taires d\u2019\u00e9quid\u00e9s. Vous voulez en savoir plus ? Vous manquer d&rsquo;informations pour vous d\u00e9cider ? Cliquer ici<\/p>\n","protected":false},"author":2,"featured_media":0,"parent":0,"menu_order":0,"comment_status":"closed","ping_status":"closed","template":"","meta":{"_kadence_starter_templates_imported_post":false,"_kad_post_transparent":"","_kad_post_title":"hide","_kad_post_layout":"fullwidth","_kad_post_sidebar_id":"","_kad_post_content_style":"unboxed","_kad_post_vertical_padding":"hide","_kad_post_feature":"hide","_kad_post_feature_position":"","_kad_post_header":false,"_kad_post_footer":false,"_kad_post_classname":"","footnotes":""},"class_list":["post-113","page","type-page","status-publish","hentry"],"aioseo_notices":[],"_links":{"self":[{"href":"https:\/\/www.alyta.fr\/index.php?rest_route=\/wp\/v2\/pages\/113","targetHints":{"allow":["GET"]}}],"collection":[{"href":"https:\/\/www.alyta.fr\/index.php?rest_route=\/wp\/v2\/pages"}],"about":[{"href":"https:\/\/www.alyta.fr\/index.php?rest_route=\/wp\/v2\/types\/page"}],"author":[{"embeddable":true,"href":"https:\/\/www.alyta.fr\/index.php?rest_route=\/wp\/v2\/users\/2"}],"replies":[{"embeddable":true,"href":"https:\/\/www.alyta.fr\/index.php?rest_route=%2Fwp%2Fv2%2Fcomments&post=113"}],"version-history":[{"count":66,"href":"https:\/\/www.alyta.fr\/index.php?rest_route=\/wp\/v2\/pages\/113\/revisions"}],"predecessor-version":[{"id":566,"href":"https:\/\/www.alyta.fr\/index.php?rest_route=\/wp\/v2\/pages\/113\/revisions\/566"}],"wp:attachment":[{"href":"https:\/\/www.alyta.fr\/index.php?rest_route=%2Fwp%2Fv2%2Fmedia&parent=113"}],"curies":[{"name":"wp","href":"https:\/\/api.w.org\/{rel}","templated":true}]}}