{"id":187,"date":"2026-05-02T21:08:14","date_gmt":"2026-05-02T19:08:14","guid":{"rendered":"https:\/\/www.alyta.fr\/?page_id=187"},"modified":"2026-05-14T17:30:04","modified_gmt":"2026-05-14T15:30:04","slug":"offre","status":"publish","type":"page","link":"https:\/\/www.alyta.fr\/?page_id=187","title":{"rendered":"Services"},"content":{"rendered":"\t\t<div data-elementor-type=\"wp-page\" data-elementor-id=\"187\" class=\"elementor elementor-187\" data-elementor-settings=\"{&quot;ha_cmc_init_switcher&quot;:&quot;no&quot;}\" data-elementor-post-type=\"page\">\n\t\t\t\t\t\t<section class=\"elementor-section elementor-top-section elementor-element elementor-element-438863dc elementor-section-boxed elementor-section-height-default elementor-section-height-default exad-glass-effect-no wpr-particle-no wpr-jarallax-no wpr-parallax-no wpr-sticky-section-no jltma-glass-effect-no wpr-column-slider-no wpr-equal-height-no exad-sticky-section-no\" data-id=\"438863dc\" data-element_type=\"section\" data-e-type=\"section\" data-settings=\"{&quot;_ha_eqh_enable&quot;:false}\">\n\t\t\t\t\t\t<div class=\"elementor-container elementor-column-gap-default\">\n\t\t\t\t\t<div class=\"elementor-column elementor-col-50 elementor-top-column elementor-element elementor-element-b25e5 exad-glass-effect-no jltma-glass-effect-no exad-sticky-section-no\" data-id=\"b25e5\" data-element_type=\"column\" data-e-type=\"column\">\n\t\t\t<div class=\"elementor-widget-wrap elementor-element-populated\">\n\t\t\t\t\t\t<div class=\"elementor-element elementor-element-02b9cc2 jltma-glass-effect-no exad-sticky-section-no exad-glass-effect-no elementor-widget elementor-widget-spacer\" data-id=\"02b9cc2\" data-element_type=\"widget\" data-e-type=\"widget\" data-widget_type=\"spacer.default\">\n\t\t\t\t\t\t\t<div class=\"elementor-spacer\">\n\t\t\t<div class=\"elementor-spacer-inner\"><\/div>\n\t\t<\/div>\n\t\t\t\t\t\t<\/div>\n\t\t\t\t<div class=\"elementor-element elementor-element-9fab658 elementor-widget__width-initial jltma-glass-effect-no exad-sticky-section-no exad-glass-effect-no elementor-widget elementor-widget-exad-exclusive-dual-heading\" data-id=\"9fab658\" data-element_type=\"widget\" data-e-type=\"widget\" data-widget_type=\"exad-exclusive-dual-heading.default\">\n\t\t\t\t<div class=\"elementor-widget-container\">\n\t\t\t\t\t\r\n        <div class=\"exad-dual-heading\">\r\n            <div class=\"exad-dual-heading-wrapper\">\r\n            \r\n                <h2 class=\"exad-dual-heading-title\">\r\n                                    <span class=\"first-heading\">Nos offres<\/span>\r\n                    <span class=\"second-heading\">Votre tranquilit\u00e9<\/span>\r\n                                    <\/h2>\r\n\r\n                                    <p class=\"exad-dual-heading-description\">Nos diff\u00e9rentes prestations propos\u00e9 pour le bien-\u00eatre de vos compagnons et pour votre tranquillit\u00e9 d'esprit.<\/p>\r\n                  \r\n\r\n            <\/div>\r\n        <\/div>\r\n        \t\t\t\t<\/div>\n\t\t\t\t<\/div>\n\t\t\t\t\t<\/div>\n\t\t<\/div>\n\t\t\t\t<div class=\"elementor-column elementor-col-50 elementor-top-column elementor-element elementor-element-895536f exad-glass-effect-no jltma-glass-effect-no exad-sticky-section-no\" data-id=\"895536f\" data-element_type=\"column\" data-e-type=\"column\">\n\t\t\t<div class=\"elementor-widget-wrap elementor-element-populated\">\n\t\t\t\t\t\t<div class=\"elementor-element elementor-element-49f4e89 jltma-glass-effect-no exad-sticky-section-no exad-glass-effect-no elementor-widget elementor-widget-exad-infobox\" data-id=\"49f4e89\" data-element_type=\"widget\" data-e-type=\"widget\" data-widget_type=\"exad-infobox.default\">\n\t\t\t\t<div class=\"elementor-widget-container\">\n\t\t\t\t\t\t\t\r\n\t\t<div class=\"exad-infobox\">\r\n\t\t\t<div class=\"exad-infobox-item exad-infobox-align-center exad-infobox-icon-position-center exad-infobox-enable-box-yes simple-transition\">\r\n\t\t\t  \t\t\t\t\t\t<div class=\"exad-infobox-icon style_1\">\r\n\t\t\t\t\t\t\t\t\t\t\t\t\t<svg class=\"e-font-icon-svg e-fas-car\" viewBox=\"0 0 512 512\"><path d=\"M499.99 176h-59.87l-16.64-41.6C406.38 91.63 365.57 64 319.5 64h-127c-46.06 0-86.88 27.63-103.99 70.4L71.87 176H12.01C4.2 176-1.53 183.34.37 190.91l6 24C7.7 220.25 12.5 224 18.01 224h20.07C24.65 235.73 16 252.78 16 272v48c0 16.12 6.16 30.67 16 41.93V416c0 17.67 14.33 32 32 32h32c17.67 0 32-14.33 32-32v-32h256v32c0 17.67 14.33 32 32 32h32c17.67 0 32-14.33 32-32v-54.07c9.84-11.25 16-25.8 16-41.93v-48c0-19.22-8.65-36.27-22.07-48H494c5.51 0 10.31-3.75 11.64-9.09l6-24c1.89-7.57-3.84-14.91-11.65-14.91zm-352.06-17.83c7.29-18.22 24.94-30.17 44.57-30.17h127c19.63 0 37.28 11.95 44.57 30.17L384 208H128l19.93-49.83zM96 319.8c-19.2 0-32-12.76-32-31.9S76.8 256 96 256s48 28.71 48 47.85-28.8 15.95-48 15.95zm320 0c-19.2 0-48 3.19-48-15.95S396.8 256 416 256s32 12.76 32 31.9-12.8 31.9-32 31.9z\"><\/path><\/svg>\t\t\t\t\t\t\r\n\t\t\t\t\t\t\t\r\n\t\t\t\t\t<\/div>\r\n\t\t\t  \t\t            <div class=\"exad-infobox-content\">\r\n\t            \t                        <a href=\"https:\/\/www.alyta.fr\/?page_id=191\">\r\n                    \t\t\t\t\t\r\n\t            \t<h3 class=\"exad-infobox-content-title\">Visite<\/h3>\t\t\t\t\t\r\n\t            \t                        <\/a>\r\n                    \t\t\t\t\t\r\n\t\t\t\t\t<div class=\"exad-infobox-content-description\">\r\n\t\t\t\t\t\tPour en savoir plus sur nos diff\u00e9rente prestation en visite a votre domicile pour le bien-\u00eatre de vos compagnons.\t\t\t\t\t<\/div>\r\n\t            <\/div>\r\n          \t<\/div>\r\n        <\/div>\r\n\t\t\t\t\t\t<\/div>\n\t\t\t\t<\/div>\n\t\t\t\t<div class=\"elementor-element elementor-element-5695b23 jltma-glass-effect-no exad-sticky-section-no exad-glass-effect-no elementor-widget elementor-widget-exad-infobox\" data-id=\"5695b23\" data-element_type=\"widget\" data-e-type=\"widget\" data-widget_type=\"exad-infobox.default\">\n\t\t\t\t<div class=\"elementor-widget-container\">\n\t\t\t\t\t\t\t\r\n\t\t<div class=\"exad-infobox\">\r\n\t\t\t<div class=\"exad-infobox-item exad-infobox-align-center exad-infobox-icon-position-center exad-infobox-enable-box-yes simple-transition\">\r\n\t\t\t  \t\t\t\t\t\t<div class=\"exad-infobox-icon style_1\">\r\n\t\t\t\t\t\t\t\t\t\t\t\t\t<svg class=\"e-font-icon-svg e-fas-house-user\" viewBox=\"0 0 576 512\"><path d=\"M570.69,236.27,512,184.44V48a16,16,0,0,0-16-16H432a16,16,0,0,0-16,16V99.67L314.78,10.3C308.5,4.61,296.53,0,288,0s-20.46,4.61-26.74,10.3l-256,226A18.27,18.27,0,0,0,0,248.2a18.64,18.64,0,0,0,4.09,10.71L25.5,282.7a21.14,21.14,0,0,0,12,5.3,21.67,21.67,0,0,0,10.69-4.11l15.9-14V480a32,32,0,0,0,32,32H480a32,32,0,0,0,32-32V269.88l15.91,14A21.94,21.94,0,0,0,538.63,288a20.89,20.89,0,0,0,11.87-5.31l21.41-23.81A21.64,21.64,0,0,0,576,248.19,21,21,0,0,0,570.69,236.27ZM288,176a64,64,0,1,1-64,64A64,64,0,0,1,288,176ZM400,448H176a16,16,0,0,1-16-16,96,96,0,0,1,96-96h64a96,96,0,0,1,96,96A16,16,0,0,1,400,448Z\"><\/path><\/svg>\t\t\t\t\t\t\r\n\t\t\t\t\t\t\t\r\n\t\t\t\t\t<\/div>\r\n\t\t\t  \t\t            <div class=\"exad-infobox-content\">\r\n\t            \t                        <a href=\"https:\/\/www.alyta.fr\/?page_id=210\">\r\n                    \t\t\t\t\t\r\n\t            \t<h3 class=\"exad-infobox-content-title\">Pension<\/h3>\t\t\t\t\t\r\n\t            \t                        <\/a>\r\n                    \t\t\t\t\t\r\n\t\t\t\t\t<div class=\"exad-infobox-content-description\">\r\n\t\t\t\t\t\tPour en savoir plus sur nos diff\u00e9rente prestation de garde en pension chez nous pour le bien-\u00eatre de vos compagnons.\t\t\t\t\t<\/div>\r\n\t            <\/div>\r\n          \t<\/div>\r\n        <\/div>\r\n\t\t\t\t\t\t<\/div>\n\t\t\t\t<\/div>\n\t\t\t\t\t<\/div>\n\t\t<\/div>\n\t\t\t\t\t<\/div>\n\t\t<\/section>\n\t\t\t\t<section class=\"elementor-section elementor-top-section elementor-element elementor-element-7507fd3d elementor-section-boxed elementor-section-height-default elementor-section-height-default wpr-particle-no wpr-jarallax-no wpr-parallax-no wpr-sticky-section-no jltma-glass-effect-no wpr-column-slider-no wpr-equal-height-no exad-sticky-section-no\" data-id=\"7507fd3d\" data-element_type=\"section\" data-e-type=\"section\" data-settings=\"{&quot;background_background&quot;:&quot;gradient&quot;,&quot;_ha_eqh_enable&quot;:false}\">\n\t\t\t\t\t\t<div class=\"elementor-container elementor-column-gap-default\">\n\t\t\t\t\t<div class=\"elementor-column elementor-col-100 elementor-top-column elementor-element elementor-element-76954fcd exad-glass-effect-no jltma-glass-effect-no exad-sticky-section-no\" data-id=\"76954fcd\" data-element_type=\"column\" data-e-type=\"column\">\n\t\t\t<div class=\"elementor-widget-wrap elementor-element-populated\">\n\t\t\t\t\t\t<section class=\"elementor-section elementor-inner-section elementor-element elementor-element-246d2b37 elementor-section-boxed elementor-section-height-default elementor-section-height-default exad-glass-effect-no wpr-particle-no wpr-jarallax-no wpr-parallax-no wpr-sticky-section-no jltma-glass-effect-no wpr-column-slider-no wpr-equal-height-no exad-sticky-section-no\" data-id=\"246d2b37\" data-element_type=\"section\" data-e-type=\"section\" data-settings=\"{&quot;_ha_eqh_enable&quot;:false}\">\n\t\t\t\t\t\t<div class=\"elementor-container elementor-column-gap-default\">\n\t\t\t\t\t<div class=\"elementor-column elementor-col-100 elementor-inner-column elementor-element elementor-element-39c4c4d5 exad-glass-effect-no jltma-glass-effect-no exad-sticky-section-no\" data-id=\"39c4c4d5\" data-element_type=\"column\" data-e-type=\"column\">\n\t\t\t<div class=\"elementor-widget-wrap elementor-element-populated\">\n\t\t\t\t\t\t<div class=\"elementor-element elementor-element-373d954 elementor-cta--skin-classic elementor-animated-content elementor-bg-transform elementor-bg-transform-zoom-in jltma-glass-effect-no exad-sticky-section-no exad-glass-effect-no elementor-widget elementor-widget-call-to-action\" data-id=\"373d954\" data-element_type=\"widget\" data-e-type=\"widget\" data-widget_type=\"call-to-action.default\">\n\t\t\t\t\t\t\t<div class=\"elementor-cta\">\n\t\t\t\t\t\t\t<div class=\"elementor-cta__content\">\n\t\t\t\t\n\t\t\t\t\t\t\t\t\t<h2 class=\"elementor-cta__title elementor-cta__content-item elementor-content-item\">\n\t\t\t\t\t\tVous voulez en savoir plus ?\t\t\t\t\t<\/h2>\n\t\t\t\t\n\t\t\t\t\t\t\t\t\t<div class=\"elementor-cta__description elementor-cta__content-item elementor-content-item\">\n\t\t\t\t\t\tVous manquer d'informations pour vous d\u00e9cider ?\t\t\t\t\t<\/div>\n\t\t\t\t\n\t\t\t\t\t\t\t\t\t<div class=\"elementor-cta__button-wrapper elementor-cta__content-item elementor-content-item \">\n\t\t\t\t\t<a class=\"elementor-cta__button elementor-button elementor-size-\" href=\"https:\/\/www.alyta.fr\/?page_id=120\">\n\t\t\t\t\t\tCliquer ici\t\t\t\t\t<\/a>\n\t\t\t\t\t<\/div>\n\t\t\t\t\t\t\t<\/div>\n\t\t\t\t\t\t<\/div>\n\t\t\t\t\t\t<\/div>\n\t\t\t\t\t<\/div>\n\t\t<\/div>\n\t\t\t\t\t<\/div>\n\t\t<\/section>\n\t\t\t\t\t<\/div>\n\t\t<\/div>\n\t\t\t\t\t<\/div>\n\t\t<\/section>\n\t\t\t\t<\/div>\n\t\t","protected":false},"excerpt":{"rendered":"<p>Nos offres Votre tranquilit\u00e9 Nos diff\u00e9rentes prestations propos\u00e9 pour le bien-\u00eatre de vos compagnons et pour votre tranquillit\u00e9 d&rsquo;esprit. Visite Pour en savoir plus sur nos diff\u00e9rente prestation en visite a votre domicile pour le bien-\u00eatre de vos compagnons. Pension Pour en savoir plus sur nos diff\u00e9rente prestation de garde en pension chez nous pour le bien-\u00eatre de vos compagnons. Vous voulez en savoir plus ? Vous manquer d&rsquo;informations pour vous d\u00e9cider ? Cliquer ici<\/p>\n","protected":false},"author":2,"featured_media":0,"parent":0,"menu_order":0,"comment_status":"closed","ping_status":"closed","template":"","meta":{"_kadence_starter_templates_imported_post":false,"_kad_post_transparent":"","_kad_post_title":"hide","_kad_post_layout":"fullwidth","_kad_post_sidebar_id":"","_kad_post_content_style":"unboxed","_kad_post_vertical_padding":"hide","_kad_post_feature":"hide","_kad_post_feature_position":"","_kad_post_header":false,"_kad_post_footer":false,"_kad_post_classname":"","footnotes":""},"class_list":["post-187","page","type-page","status-publish","hentry"],"aioseo_notices":[],"_links":{"self":[{"href":"https:\/\/www.alyta.fr\/index.php?rest_route=\/wp\/v2\/pages\/187","targetHints":{"allow":["GET"]}}],"collection":[{"href":"https:\/\/www.alyta.fr\/index.php?rest_route=\/wp\/v2\/pages"}],"about":[{"href":"https:\/\/www.alyta.fr\/index.php?rest_route=\/wp\/v2\/types\/page"}],"author":[{"embeddable":true,"href":"https:\/\/www.alyta.fr\/index.php?rest_route=\/wp\/v2\/users\/2"}],"replies":[{"embeddable":true,"href":"https:\/\/www.alyta.fr\/index.php?rest_route=%2Fwp%2Fv2%2Fcomments&post=187"}],"version-history":[{"count":43,"href":"https:\/\/www.alyta.fr\/index.php?rest_route=\/wp\/v2\/pages\/187\/revisions"}],"predecessor-version":[{"id":525,"href":"https:\/\/www.alyta.fr\/index.php?rest_route=\/wp\/v2\/pages\/187\/revisions\/525"}],"wp:attachment":[{"href":"https:\/\/www.alyta.fr\/index.php?rest_route=%2Fwp%2Fv2%2Fmedia&parent=187"}],"curies":[{"name":"wp","href":"https:\/\/api.w.org\/{rel}","templated":true}]}}